{"id":1006,"date":"2019-09-23T13:15:32","date_gmt":"2019-09-23T13:15:32","guid":{"rendered":"http:\/\/htd.pebbler.be\/grand-hotel-huis-ter-duin\/"},"modified":"2025-01-02T14:20:48","modified_gmt":"2025-01-02T14:20:48","slug":"van-diepingen-lounge-homepage","status":"publish","type":"page","link":"https:\/\/vandiepeningenlounge.nl\/de\/","title":{"rendered":"Van Diepeningen Lounge"},"content":{"rendered":"<p>Die Lounge \u201eVan Diepeningen\u201c des Grand Hotel Huis ter Duin ist einzigartig in ihrer Art. Bequeme Sitzgelegenheiten und umfangreiche Speise- und Getr\u00e4nkeangebote. Ein ausgezeichneter Ort f\u00fcr Ihre gesch\u00e4ftlichen und privaten Anl\u00e4sse. Guter Kaffee, delikater Tee und hausgemachte Patisserie. Oder bevorzugen Sie ein sorgf\u00e4ltig ausgew\u00e4hltes Glas Wein, sch\u00f6n kombiniert mit verschiedenen kalten und warmen H\u00e4ppchen.<\/p>\n<p>T\u00e4glich von 09:00 \u2013 01:00 Uhr ge\u00f6ffnet<\/p>\n","protected":false},"excerpt":{"rendered":"<p>Die Lounge \u201eVan Diepeningen\u201c des Grand Hotel Huis ter Duin ist einzigartig in ihrer Art. Bequeme Sitzgelegenheiten und umfangreiche Speise- und Getr\u00e4nkeangebote. Ein ausgezeichneter Ort f\u00fcr Ihre gesch\u00e4ftlichen und privaten Anl\u00e4sse. Guter Kaffee, delikater Tee und hausgemachte Patisserie. Oder bevorzugen Sie ein sorgf\u00e4ltig ausgew\u00e4hltes Glas Wein, sch\u00f6n kombiniert mit verschiedenen kalten und warmen H\u00e4ppchen. T\u00e4glich [&hellip;]<\/p>\n","protected":false},"author":1,"featured_media":0,"parent":0,"menu_order":0,"comment_status":"closed","ping_status":"closed","template":"page-home.php","meta":{"_acf_changed":false,"footnotes":""},"class_list":["post-1006","page","type-page","status-publish","hentry"],"acf":[],"yoast_head":"<!-- This site is optimized with the Yoast SEO plugin v26.8 - https:\/\/yoast.com\/product\/yoast-seo-wordpress\/ -->\n<title>Van Diepeningen Lounge ***** in Noordwijk aan Zee<\/title>\n<meta name=\"description\" content=\"Die Lounge \u201eVan Diepeningen\u201c des Grand Hotel Huis ter Duin ist einzigartig in ihrer Art. Bequeme Sitzgelegenheiten und....\" \/>\n<meta name=\"robots\" content=\"index, follow, max-snippet:-1, max-image-preview:large, max-video-preview:-1\" \/>\n<link rel=\"canonical\" href=\"https:\/\/vandiepeningenlounge.nl\/de\/\" \/>\n<meta property=\"og:locale\" content=\"de_DE\" \/>\n<meta property=\"og:type\" content=\"article\" \/>\n<meta property=\"og:title\" content=\"Van Diepeningen Lounge ***** in Noordwijk aan Zee\" \/>\n<meta property=\"og:description\" content=\"Die Lounge \u201eVan Diepeningen\u201c des Grand Hotel Huis ter Duin ist einzigartig in ihrer Art. Bequeme Sitzgelegenheiten und....\" \/>\n<meta property=\"og:url\" content=\"https:\/\/vandiepeningenlounge.nl\/de\/\" \/>\n<meta property=\"og:site_name\" content=\"Van Diepeningen Lounge - Huis ter Duin Noordwijk\" \/>\n<meta property=\"article:modified_time\" content=\"2025-01-02T14:20:48+00:00\" \/>\n<meta name=\"twitter:card\" content=\"summary_large_image\" \/>\n<meta name=\"twitter:label1\" content=\"Gesch\u00e4tzte Lesezeit\" \/>\n\t<meta name=\"twitter:data1\" content=\"1\u00a0Minute\" \/>\n<!-- \/ Yoast SEO plugin. -->","yoast_head_json":{"title":"Van Diepeningen Lounge ***** in Noordwijk aan Zee","description":"Die Lounge \u201eVan Diepeningen\u201c des Grand Hotel Huis ter Duin ist einzigartig in ihrer Art. Bequeme Sitzgelegenheiten und....","robots":{"index":"index","follow":"follow","max-snippet":"max-snippet:-1","max-image-preview":"max-image-preview:large","max-video-preview":"max-video-preview:-1"},"canonical":"https:\/\/vandiepeningenlounge.nl\/de\/","og_locale":"de_DE","og_type":"article","og_title":"Van Diepeningen Lounge ***** in Noordwijk aan Zee","og_description":"Die Lounge \u201eVan Diepeningen\u201c des Grand Hotel Huis ter Duin ist einzigartig in ihrer Art. Bequeme Sitzgelegenheiten und....","og_url":"https:\/\/vandiepeningenlounge.nl\/de\/","og_site_name":"Van Diepeningen Lounge - Huis ter Duin Noordwijk","article_modified_time":"2025-01-02T14:20:48+00:00","twitter_card":"summary_large_image","twitter_misc":{"Gesch\u00e4tzte Lesezeit":"1\u00a0Minute"},"schema":{"@context":"https:\/\/schema.org","@graph":[{"@type":"WebPage","@id":"https:\/\/vandiepeningenlounge.nl\/de\/","url":"https:\/\/vandiepeningenlounge.nl\/de\/","name":"Van Diepeningen Lounge ***** in Noordwijk aan Zee","isPartOf":{"@id":"https:\/\/vandiepeningenlounge.nl\/de\/#website"},"datePublished":"2019-09-23T13:15:32+00:00","dateModified":"2025-01-02T14:20:48+00:00","description":"Die Lounge \u201eVan Diepeningen\u201c des Grand Hotel Huis ter Duin ist einzigartig in ihrer Art. Bequeme Sitzgelegenheiten und....","breadcrumb":{"@id":"https:\/\/vandiepeningenlounge.nl\/de\/#breadcrumb"},"inLanguage":"de","potentialAction":[{"@type":"ReadAction","target":["https:\/\/vandiepeningenlounge.nl\/de\/"]}]},{"@type":"BreadcrumbList","@id":"https:\/\/vandiepeningenlounge.nl\/de\/#breadcrumb","itemListElement":[{"@type":"ListItem","position":1,"name":"Home","item":"https:\/\/vandiepeningenlounge.nl\/de\/"},{"@type":"ListItem","position":2,"name":"Van Diepeningen Lounge"}]},{"@type":"WebSite","@id":"https:\/\/vandiepeningenlounge.nl\/de\/#website","url":"https:\/\/vandiepeningenlounge.nl\/de\/","name":"Van Diepeningen Lounge - Huis ter Duin Noordwijk","description":"","publisher":{"@id":"https:\/\/vandiepeningenlounge.nl\/de\/#organization"},"potentialAction":[{"@type":"SearchAction","target":{"@type":"EntryPoint","urlTemplate":"https:\/\/vandiepeningenlounge.nl\/de\/?s={search_term_string}"},"query-input":{"@type":"PropertyValueSpecification","valueRequired":true,"valueName":"search_term_string"}}],"inLanguage":"de"},{"@type":"Organization","@id":"https:\/\/vandiepeningenlounge.nl\/de\/#organization","name":"Grand Hotel Huis ter Duin","url":"https:\/\/vandiepeningenlounge.nl\/de\/","logo":{"@type":"ImageObject","inLanguage":"de","@id":"https:\/\/vandiepeningenlounge.nl\/de\/#\/schema\/logo\/image\/","url":"","contentUrl":"","caption":"Grand Hotel Huis ter Duin"},"image":{"@id":"https:\/\/vandiepeningenlounge.nl\/de\/#\/schema\/logo\/image\/"}}]}},"_links":{"self":[{"href":"https:\/\/vandiepeningenlounge.nl\/de\/wp-json\/wp\/v2\/pages\/1006","targetHints":{"allow":["GET"]}}],"collection":[{"href":"https:\/\/vandiepeningenlounge.nl\/de\/wp-json\/wp\/v2\/pages"}],"about":[{"href":"https:\/\/vandiepeningenlounge.nl\/de\/wp-json\/wp\/v2\/types\/page"}],"author":[{"embeddable":true,"href":"https:\/\/vandiepeningenlounge.nl\/de\/wp-json\/wp\/v2\/users\/1"}],"replies":[{"embeddable":true,"href":"https:\/\/vandiepeningenlounge.nl\/de\/wp-json\/wp\/v2\/comments?post=1006"}],"version-history":[{"count":43,"href":"https:\/\/vandiepeningenlounge.nl\/de\/wp-json\/wp\/v2\/pages\/1006\/revisions"}],"predecessor-version":[{"id":6526,"href":"https:\/\/vandiepeningenlounge.nl\/de\/wp-json\/wp\/v2\/pages\/1006\/revisions\/6526"}],"wp:attachment":[{"href":"https:\/\/vandiepeningenlounge.nl\/de\/wp-json\/wp\/v2\/media?parent=1006"}],"curies":[{"name":"wp","href":"https:\/\/api.w.org\/{rel}","templated":true}]}}