{"id":5110,"date":"2022-05-13T11:57:24","date_gmt":"2022-05-13T11:57:24","guid":{"rendered":"https:\/\/vandiepeningenlounge.nl\/?page_id=5110"},"modified":"2023-01-03T08:46:28","modified_gmt":"2023-01-03T08:46:28","slug":"wir-ueber-uns","status":"publish","type":"page","link":"https:\/\/vandiepeningenlounge.nl\/de\/wir-ueber-uns\/","title":{"rendered":"\u00dcber die van Diepeningen Lounge"},"content":{"rendered":"<p>Genie\u00dfen Sie die raffinierten Kunstwerke der K\u00f6che der Patisserie Huis ter Duin in Kombination mit einer k\u00f6stlichen frischen Tasse Kaffee, Cappuccino oder luxuri\u00f6sem Tee!<\/p>\n<p>Die Van Diepeningen Lounge ist \u201ethe place to be\u201c in der D\u00fcnen- und Tulpenregion, wo Sie von morgens bis abends nicht nur eine angenehme, vielleicht effektive, sondern auch eine sehr geschmackvolle Zeit verbringen k\u00f6nnen.<\/p>\n<p>Auf\u00a0Wunsch bieten wir Ihnen die M\u00f6glichkeit eines separaten Raums, in dem Sie in aller Ruhe, aber in einzigartiger Lounge-Atmosph\u00e4re beispielsweise ein Lunch-Meeting abhalten k\u00f6nnen. <a href=\"https:\/\/vandiepeningenlounge.nl\/de\/kontakt\/\">Kontaktieren<\/a> Sie uns f\u00fcr die M\u00f6glichkeiten.<\/p>\n<p><img loading=\"lazy\" decoding=\"async\" width=\"512\" height=\"512\" class=\"wp-image-5708 alignright img-responsive\" src=\"https:\/\/vandiepeningenlounge.nl\/wp-content\/uploads\/2022\/09\/omHNvyXk.jpeg\" alt=\"\" srcset=\"https:\/\/vandiepeningenlounge.nl\/wp-content\/uploads\/2022\/09\/omHNvyXk.jpeg 512w, https:\/\/vandiepeningenlounge.nl\/wp-content\/uploads\/2022\/09\/omHNvyXk-400x400.jpeg 400w, https:\/\/vandiepeningenlounge.nl\/wp-content\/uploads\/2022\/09\/omHNvyXk-250x250.jpeg 250w\" sizes=\"auto, (max-width: 512px) 100vw, 512px\" \/><\/p>\n","protected":false},"excerpt":{"rendered":"<p>Genie\u00dfen Sie die raffinierten Kunstwerke der K\u00f6che der Patisserie Huis ter Duin in Kombination mit einer k\u00f6stlichen frischen Tasse Kaffee, Cappuccino oder luxuri\u00f6sem Tee! Die Van Diepeningen Lounge ist \u201ethe place to be\u201c in der D\u00fcnen- und Tulpenregion, wo Sie von morgens bis abends nicht nur eine angenehme, vielleicht effektive, sondern auch eine sehr geschmackvolle [&hellip;]<\/p>\n","protected":false},"author":1,"featured_media":5579,"parent":0,"menu_order":0,"comment_status":"closed","ping_status":"closed","template":"","meta":{"_acf_changed":false,"footnotes":""},"class_list":["post-5110","page","type-page","status-publish","has-post-thumbnail","hentry"],"acf":[],"yoast_head":"<!-- This site is optimized with the Yoast SEO plugin v26.8 - https:\/\/yoast.com\/product\/yoast-seo-wordpress\/ -->\n<title>\u00dcber die van Diepeningen Lounge - Van Diepeningen Lounge - Huis ter Duin Noordwijk<\/title>\n<meta name=\"robots\" content=\"index, follow, max-snippet:-1, max-image-preview:large, max-video-preview:-1\" \/>\n<link rel=\"canonical\" href=\"https:\/\/vandiepeningenlounge.nl\/de\/wir-ueber-uns\/\" \/>\n<meta property=\"og:locale\" content=\"de_DE\" \/>\n<meta property=\"og:type\" content=\"article\" \/>\n<meta property=\"og:title\" content=\"\u00dcber die van Diepeningen Lounge - Van Diepeningen Lounge - Huis ter Duin Noordwijk\" \/>\n<meta property=\"og:description\" content=\"Genie\u00dfen Sie die raffinierten Kunstwerke der K\u00f6che der Patisserie Huis ter Duin in Kombination mit einer k\u00f6stlichen frischen Tasse Kaffee, Cappuccino oder luxuri\u00f6sem Tee! Die Van Diepeningen Lounge ist \u201ethe place to be\u201c in der D\u00fcnen- und Tulpenregion, wo Sie von morgens bis abends nicht nur eine angenehme, vielleicht effektive, sondern auch eine sehr geschmackvolle [&hellip;]\" \/>\n<meta property=\"og:url\" content=\"https:\/\/vandiepeningenlounge.nl\/de\/wir-ueber-uns\/\" \/>\n<meta property=\"og:site_name\" content=\"Van Diepeningen Lounge - Huis ter Duin Noordwijk\" \/>\n<meta property=\"article:modified_time\" content=\"2023-01-03T08:46:28+00:00\" \/>\n<meta property=\"og:image\" content=\"https:\/\/vandiepeningenlounge.nl\/wp-content\/uploads\/2022\/09\/HtD-Van-Diepeningen-Lounge-6.jpg\" \/>\n\t<meta property=\"og:image:width\" content=\"1920\" \/>\n\t<meta property=\"og:image:height\" content=\"1281\" \/>\n\t<meta property=\"og:image:type\" content=\"image\/jpeg\" \/>\n<meta name=\"twitter:card\" content=\"summary_large_image\" \/>\n<meta name=\"twitter:label1\" content=\"Gesch\u00e4tzte Lesezeit\" \/>\n\t<meta name=\"twitter:data1\" content=\"1\u00a0Minute\" \/>\n<!-- \/ Yoast SEO plugin. -->","yoast_head_json":{"title":"\u00dcber die van Diepeningen Lounge - Van Diepeningen Lounge - Huis ter Duin Noordwijk","robots":{"index":"index","follow":"follow","max-snippet":"max-snippet:-1","max-image-preview":"max-image-preview:large","max-video-preview":"max-video-preview:-1"},"canonical":"https:\/\/vandiepeningenlounge.nl\/de\/wir-ueber-uns\/","og_locale":"de_DE","og_type":"article","og_title":"\u00dcber die van Diepeningen Lounge - Van Diepeningen Lounge - Huis ter Duin Noordwijk","og_description":"Genie\u00dfen Sie die raffinierten Kunstwerke der K\u00f6che der Patisserie Huis ter Duin in Kombination mit einer k\u00f6stlichen frischen Tasse Kaffee, Cappuccino oder luxuri\u00f6sem Tee! Die Van Diepeningen Lounge ist \u201ethe place to be\u201c in der D\u00fcnen- und Tulpenregion, wo Sie von morgens bis abends nicht nur eine angenehme, vielleicht effektive, sondern auch eine sehr geschmackvolle [&hellip;]","og_url":"https:\/\/vandiepeningenlounge.nl\/de\/wir-ueber-uns\/","og_site_name":"Van Diepeningen Lounge - Huis ter Duin Noordwijk","article_modified_time":"2023-01-03T08:46:28+00:00","og_image":[{"width":1920,"height":1281,"url":"https:\/\/vandiepeningenlounge.nl\/wp-content\/uploads\/2022\/09\/HtD-Van-Diepeningen-Lounge-6.jpg","type":"image\/jpeg"}],"twitter_card":"summary_large_image","twitter_misc":{"Gesch\u00e4tzte Lesezeit":"1\u00a0Minute"},"schema":{"@context":"https:\/\/schema.org","@graph":[{"@type":"WebPage","@id":"https:\/\/vandiepeningenlounge.nl\/de\/wir-ueber-uns\/","url":"https:\/\/vandiepeningenlounge.nl\/de\/wir-ueber-uns\/","name":"\u00dcber die van Diepeningen Lounge - Van Diepeningen Lounge - Huis ter Duin Noordwijk","isPartOf":{"@id":"https:\/\/vandiepeningenlounge.nl\/de\/#website"},"primaryImageOfPage":{"@id":"https:\/\/vandiepeningenlounge.nl\/de\/wir-ueber-uns\/#primaryimage"},"image":{"@id":"https:\/\/vandiepeningenlounge.nl\/de\/wir-ueber-uns\/#primaryimage"},"thumbnailUrl":"https:\/\/vandiepeningenlounge.nl\/wp-content\/uploads\/2022\/09\/HtD-Van-Diepeningen-Lounge-6.jpg","datePublished":"2022-05-13T11:57:24+00:00","dateModified":"2023-01-03T08:46:28+00:00","breadcrumb":{"@id":"https:\/\/vandiepeningenlounge.nl\/de\/wir-ueber-uns\/#breadcrumb"},"inLanguage":"de","potentialAction":[{"@type":"ReadAction","target":["https:\/\/vandiepeningenlounge.nl\/de\/wir-ueber-uns\/"]}]},{"@type":"ImageObject","inLanguage":"de","@id":"https:\/\/vandiepeningenlounge.nl\/de\/wir-ueber-uns\/#primaryimage","url":"https:\/\/vandiepeningenlounge.nl\/wp-content\/uploads\/2022\/09\/HtD-Van-Diepeningen-Lounge-6.jpg","contentUrl":"https:\/\/vandiepeningenlounge.nl\/wp-content\/uploads\/2022\/09\/HtD-Van-Diepeningen-Lounge-6.jpg","width":1920,"height":1281},{"@type":"BreadcrumbList","@id":"https:\/\/vandiepeningenlounge.nl\/de\/wir-ueber-uns\/#breadcrumb","itemListElement":[{"@type":"ListItem","position":1,"name":"Home","item":"https:\/\/vandiepeningenlounge.nl\/de\/"},{"@type":"ListItem","position":2,"name":"\u00dcber die van Diepeningen Lounge"}]},{"@type":"WebSite","@id":"https:\/\/vandiepeningenlounge.nl\/de\/#website","url":"https:\/\/vandiepeningenlounge.nl\/de\/","name":"Van Diepeningen Lounge - Huis ter Duin Noordwijk","description":"","publisher":{"@id":"https:\/\/vandiepeningenlounge.nl\/de\/#organization"},"potentialAction":[{"@type":"SearchAction","target":{"@type":"EntryPoint","urlTemplate":"https:\/\/vandiepeningenlounge.nl\/de\/?s={search_term_string}"},"query-input":{"@type":"PropertyValueSpecification","valueRequired":true,"valueName":"search_term_string"}}],"inLanguage":"de"},{"@type":"Organization","@id":"https:\/\/vandiepeningenlounge.nl\/de\/#organization","name":"Grand Hotel Huis ter Duin","url":"https:\/\/vandiepeningenlounge.nl\/de\/","logo":{"@type":"ImageObject","inLanguage":"de","@id":"https:\/\/vandiepeningenlounge.nl\/de\/#\/schema\/logo\/image\/","url":"","contentUrl":"","caption":"Grand Hotel Huis ter Duin"},"image":{"@id":"https:\/\/vandiepeningenlounge.nl\/de\/#\/schema\/logo\/image\/"}}]}},"_links":{"self":[{"href":"https:\/\/vandiepeningenlounge.nl\/de\/wp-json\/wp\/v2\/pages\/5110","targetHints":{"allow":["GET"]}}],"collection":[{"href":"https:\/\/vandiepeningenlounge.nl\/de\/wp-json\/wp\/v2\/pages"}],"about":[{"href":"https:\/\/vandiepeningenlounge.nl\/de\/wp-json\/wp\/v2\/types\/page"}],"author":[{"embeddable":true,"href":"https:\/\/vandiepeningenlounge.nl\/de\/wp-json\/wp\/v2\/users\/1"}],"replies":[{"embeddable":true,"href":"https:\/\/vandiepeningenlounge.nl\/de\/wp-json\/wp\/v2\/comments?post=5110"}],"version-history":[{"count":10,"href":"https:\/\/vandiepeningenlounge.nl\/de\/wp-json\/wp\/v2\/pages\/5110\/revisions"}],"predecessor-version":[{"id":5898,"href":"https:\/\/vandiepeningenlounge.nl\/de\/wp-json\/wp\/v2\/pages\/5110\/revisions\/5898"}],"wp:featuredmedia":[{"embeddable":true,"href":"https:\/\/vandiepeningenlounge.nl\/de\/wp-json\/wp\/v2\/media\/5579"}],"wp:attachment":[{"href":"https:\/\/vandiepeningenlounge.nl\/de\/wp-json\/wp\/v2\/media?parent=5110"}],"curies":[{"name":"wp","href":"https:\/\/api.w.org\/{rel}","templated":true}]}}