{"id":991,"date":"2019-11-11T14:28:57","date_gmt":"2019-11-11T14:28:57","guid":{"rendered":"http:\/\/htd.pebbler.be\/beruehrung\/"},"modified":"2026-02-25T09:23:49","modified_gmt":"2026-02-25T09:23:49","slug":"kontakt","status":"publish","type":"page","link":"https:\/\/vandiepeningenlounge.nl\/de\/kontakt\/","title":{"rendered":"Kontakt"},"content":{"rendered":"<address>\n<p data-start=\"493\" data-end=\"531\"><strong data-start=\"493\" data-end=\"531\">Terrasse vor\u00fcbergehend geschlossen<br \/>\n<\/strong>Unsere Aufz\u00fcge werden derzeit modernisiert. Daher ist die Terrasse der Van Diepeningen Lounge aufgrund von Sicherheitsvorschriften vor\u00fcbergehend geschlossen. Sobald es das niederl\u00e4ndische Wetter zul\u00e4sst, hei\u00dfen wir Sie ab 12:00 Uhr herzlich auf den Seeterrassen des Grand Hotel Huis ter Duin willkommen.<\/p>\n<\/address>\n<address><strong>Parkplatz<br \/>\n<\/strong>Sie k\u00f6nnen Ihr Auto auf dem Parkdeck oder in der Tiefgarage des Grand Hotel Huis ter Duin abstellen. Sie zahlen 4,00 \u20ac pro Stunde, wobei Sie bei Nutzung der Einrichtungen 50 % Erm\u00e4\u00dfigung auf das Parkticket erhalten. Das Grand Hotel Huis ter Duin verf\u00fcgt \u00fcber 20 Ladestationen f\u00fcr Elektroautos. Diese k\u00f6nnen Sie gegen eine Geb\u00fchr von 0,52 \u20ac pro kWh nutzen.<br \/>\nIm Zusammenhang mit der vor\u00fcbergehenden Au\u00dferbetriebnahme der Panoramalifte empfehlen wir G\u00e4sten mit eingeschr\u00e4nkter Mobilit\u00e4t, auf dem Parkdeck zu parken, um eine m\u00f6glichst komfortable Ankunft zu gew\u00e4hrleisten.<\/address>\n<address>\u00a0<\/address>\n<address><strong>\u00d6ffentliche Verkehrsmittel<\/strong><\/address>\n<address>Sie k\u00f6nnen die van Diepeningen Lounge mit \u00f6ffentlichen Verkehrsmitteln erreichen. Die Buslinien 20, 21, 23 und 361 fahren an der Haltestelle &#8222;Pickeplein&#8220; vorbei. Vom Pickeplein aus sind es 5 Minuten Fu\u00dfweg zur van Diepeningen Lounge \u00fcber den Eingang des Grand Hotel Huis ter Duin. Weitere Informationen erhalten Sie \u00fcber die 9292-App oder die NS-App.<\/address>\n<address>\u00a0<\/address>\n<address><strong>200-\u20ac- &amp; 500-\u20ac-Scheine<br \/>\n<\/strong>Grand Hotel Huis ter Duin und\u00a0seine\u00a0Restaurants sind verpflichtet, f\u00fcr\u00a0jeden eingereichten 200\u20ac und\u00a0500\u20ac Schein einen Betrag von 5\u20ac an die Bank zu zahlen. Diese Kosten werden Ihnen\u00a0als Gast berechnet. Au\u00dferdem m\u00fcssen wir die Herkunft des Geldscheines anhand Ihres Namens und Ihrer ID-Nummer registrieren.Ihre ID-Nummer wird ausschlie\u00dflich f\u00fcr die Registrierung des Geldscheines verwendet.<\/address>\n<address>\u00a0<\/address>\n<address><strong data-start=\"141\" data-end=\"159\">\u00d6ffnungszeiten<\/strong><br data-start=\"159\" data-end=\"162\" \/>Von Montag bis Sonntag ge\u00f6ffnet von 9:00 Uhr bis 1:00 Uhr.<\/address>\n<address>\u00a0<\/address>\n<address>\u00a0<\/address>\n","protected":false},"excerpt":{"rendered":"<p>Terrasse vor\u00fcbergehend geschlossen Unsere Aufz\u00fcge werden derzeit modernisiert. Daher ist die Terrasse der Van Diepeningen Lounge aufgrund von Sicherheitsvorschriften vor\u00fcbergehend geschlossen. Sobald es das niederl\u00e4ndische Wetter zul\u00e4sst, hei\u00dfen wir Sie ab 12:00 Uhr herzlich auf den Seeterrassen des Grand Hotel Huis ter Duin willkommen. Parkplatz Sie k\u00f6nnen Ihr Auto auf dem Parkdeck oder in der [&hellip;]<\/p>\n","protected":false},"author":1,"featured_media":0,"parent":0,"menu_order":0,"comment_status":"closed","ping_status":"closed","template":"page-contact.php","meta":{"_acf_changed":false,"footnotes":""},"class_list":["post-991","page","type-page","status-publish","hentry"],"acf":[],"yoast_head":"<!-- This site is optimized with the Yoast SEO plugin v26.8 - https:\/\/yoast.com\/product\/yoast-seo-wordpress\/ -->\n<title>Kontakt - Van Diepeningen Lounge - Huis ter Duin Noordwijk<\/title>\n<meta name=\"description\" content=\"Haben Sie Fragen \u00fcber einer Reservierung oder COVID-19? Rufen Sie dann einfach bei uns an.\" \/>\n<meta name=\"robots\" content=\"index, follow, max-snippet:-1, max-image-preview:large, max-video-preview:-1\" \/>\n<link rel=\"canonical\" href=\"https:\/\/vandiepeningenlounge.nl\/de\/kontakt\/\" \/>\n<meta property=\"og:locale\" content=\"de_DE\" \/>\n<meta property=\"og:type\" content=\"article\" \/>\n<meta property=\"og:title\" content=\"Kontakt - Van Diepeningen Lounge - Huis ter Duin Noordwijk\" \/>\n<meta property=\"og:description\" content=\"Haben Sie Fragen \u00fcber einer Reservierung oder COVID-19? Rufen Sie dann einfach bei uns an.\" \/>\n<meta property=\"og:url\" content=\"https:\/\/vandiepeningenlounge.nl\/de\/kontakt\/\" \/>\n<meta property=\"og:site_name\" content=\"Van Diepeningen Lounge - Huis ter Duin Noordwijk\" \/>\n<meta property=\"article:modified_time\" content=\"2026-02-25T09:23:49+00:00\" \/>\n<meta name=\"twitter:card\" content=\"summary_large_image\" \/>\n<meta name=\"twitter:label1\" content=\"Gesch\u00e4tzte Lesezeit\" \/>\n\t<meta name=\"twitter:data1\" content=\"2\u00a0Minuten\" \/>\n<!-- \/ Yoast SEO plugin. -->","yoast_head_json":{"title":"Kontakt - Van Diepeningen Lounge - Huis ter Duin Noordwijk","description":"Haben Sie Fragen \u00fcber einer Reservierung oder COVID-19? Rufen Sie dann einfach bei uns an.","robots":{"index":"index","follow":"follow","max-snippet":"max-snippet:-1","max-image-preview":"max-image-preview:large","max-video-preview":"max-video-preview:-1"},"canonical":"https:\/\/vandiepeningenlounge.nl\/de\/kontakt\/","og_locale":"de_DE","og_type":"article","og_title":"Kontakt - Van Diepeningen Lounge - Huis ter Duin Noordwijk","og_description":"Haben Sie Fragen \u00fcber einer Reservierung oder COVID-19? Rufen Sie dann einfach bei uns an.","og_url":"https:\/\/vandiepeningenlounge.nl\/de\/kontakt\/","og_site_name":"Van Diepeningen Lounge - Huis ter Duin Noordwijk","article_modified_time":"2026-02-25T09:23:49+00:00","twitter_card":"summary_large_image","twitter_misc":{"Gesch\u00e4tzte Lesezeit":"2\u00a0Minuten"},"schema":{"@context":"https:\/\/schema.org","@graph":[{"@type":"WebPage","@id":"https:\/\/vandiepeningenlounge.nl\/de\/kontakt\/","url":"https:\/\/vandiepeningenlounge.nl\/de\/kontakt\/","name":"Kontakt - Van Diepeningen Lounge - Huis ter Duin Noordwijk","isPartOf":{"@id":"https:\/\/vandiepeningenlounge.nl\/de\/#website"},"datePublished":"2019-11-11T14:28:57+00:00","dateModified":"2026-02-25T09:23:49+00:00","description":"Haben Sie Fragen \u00fcber einer Reservierung oder COVID-19? Rufen Sie dann einfach bei uns an.","breadcrumb":{"@id":"https:\/\/vandiepeningenlounge.nl\/de\/kontakt\/#breadcrumb"},"inLanguage":"de","potentialAction":[{"@type":"ReadAction","target":["https:\/\/vandiepeningenlounge.nl\/de\/kontakt\/"]}]},{"@type":"BreadcrumbList","@id":"https:\/\/vandiepeningenlounge.nl\/de\/kontakt\/#breadcrumb","itemListElement":[{"@type":"ListItem","position":1,"name":"Home","item":"https:\/\/vandiepeningenlounge.nl\/de\/"},{"@type":"ListItem","position":2,"name":"Kontakt"}]},{"@type":"WebSite","@id":"https:\/\/vandiepeningenlounge.nl\/de\/#website","url":"https:\/\/vandiepeningenlounge.nl\/de\/","name":"Van Diepeningen Lounge - Huis ter Duin Noordwijk","description":"","publisher":{"@id":"https:\/\/vandiepeningenlounge.nl\/de\/#organization"},"potentialAction":[{"@type":"SearchAction","target":{"@type":"EntryPoint","urlTemplate":"https:\/\/vandiepeningenlounge.nl\/de\/?s={search_term_string}"},"query-input":{"@type":"PropertyValueSpecification","valueRequired":true,"valueName":"search_term_string"}}],"inLanguage":"de"},{"@type":"Organization","@id":"https:\/\/vandiepeningenlounge.nl\/de\/#organization","name":"Grand Hotel Huis ter Duin","url":"https:\/\/vandiepeningenlounge.nl\/de\/","logo":{"@type":"ImageObject","inLanguage":"de","@id":"https:\/\/vandiepeningenlounge.nl\/de\/#\/schema\/logo\/image\/","url":"","contentUrl":"","caption":"Grand Hotel Huis ter Duin"},"image":{"@id":"https:\/\/vandiepeningenlounge.nl\/de\/#\/schema\/logo\/image\/"}}]}},"_links":{"self":[{"href":"https:\/\/vandiepeningenlounge.nl\/de\/wp-json\/wp\/v2\/pages\/991","targetHints":{"allow":["GET"]}}],"collection":[{"href":"https:\/\/vandiepeningenlounge.nl\/de\/wp-json\/wp\/v2\/pages"}],"about":[{"href":"https:\/\/vandiepeningenlounge.nl\/de\/wp-json\/wp\/v2\/types\/page"}],"author":[{"embeddable":true,"href":"https:\/\/vandiepeningenlounge.nl\/de\/wp-json\/wp\/v2\/users\/1"}],"replies":[{"embeddable":true,"href":"https:\/\/vandiepeningenlounge.nl\/de\/wp-json\/wp\/v2\/comments?post=991"}],"version-history":[{"count":36,"href":"https:\/\/vandiepeningenlounge.nl\/de\/wp-json\/wp\/v2\/pages\/991\/revisions"}],"predecessor-version":[{"id":6625,"href":"https:\/\/vandiepeningenlounge.nl\/de\/wp-json\/wp\/v2\/pages\/991\/revisions\/6625"}],"wp:attachment":[{"href":"https:\/\/vandiepeningenlounge.nl\/de\/wp-json\/wp\/v2\/media?parent=991"}],"curies":[{"name":"wp","href":"https:\/\/api.w.org\/{rel}","templated":true}]}}